{"id":9,"date":"2022-02-04T10:52:57","date_gmt":"2022-02-04T10:52:57","guid":{"rendered":"https:\/\/zerospike.org\/?page_id=9"},"modified":"2024-01-23T14:51:22","modified_gmt":"2024-01-23T14:51:22","slug":"about-us","status":"publish","type":"page","link":"https:\/\/bai-tech.io\/it\/about-us\/","title":{"rendered":"Chi Siamo"},"content":{"rendered":"<div data-elementor-type=\"wp-page\" data-elementor-id=\"9\" class=\"elementor elementor-9\" data-elementor-post-type=\"page\">\n\t\t\t\t\t\t<section class=\"elementor-section elementor-top-section elementor-element elementor-element-769a190 elementor-section-full_width elementor-section-content-middle elementor-section-stretched elementor-section-height-default elementor-section-height-default\" data-id=\"769a190\" data-element_type=\"section\" data-e-type=\"section\" data-settings=\"{&quot;background_background&quot;:&quot;classic&quot;,&quot;stretch_section&quot;:&quot;section-stretched&quot;}\">\n\t\t\t\t\t\t<div class=\"elementor-container elementor-column-gap-default\">\n\t\t\t\t\t<div class=\"elementor-column elementor-col-100 elementor-top-column elementor-element elementor-element-55e9601\" data-id=\"55e9601\" data-element_type=\"column\" data-e-type=\"column\">\n\t\t\t<div class=\"elementor-widget-wrap elementor-element-populated\">\n\t\t\t\t\t\t<section class=\"elementor-section elementor-inner-section elementor-element elementor-element-5f87db4 elementor-section-boxed elementor-section-height-default elementor-section-height-default\" data-id=\"5f87db4\" data-element_type=\"section\" data-e-type=\"section\">\n\t\t\t\t\t\t<div class=\"elementor-container elementor-column-gap-default\">\n\t\t\t\t\t<div class=\"elementor-column elementor-col-50 elementor-inner-column elementor-element elementor-element-9e2be27\" data-id=\"9e2be27\" data-element_type=\"column\" data-e-type=\"column\">\n\t\t\t<div class=\"elementor-widget-wrap elementor-element-populated\">\n\t\t\t\t\t\t<div class=\"elementor-element elementor-element-7ecfe31 atom elementor-widget elementor-widget-image\" data-id=\"7ecfe31\" data-element_type=\"widget\" data-e-type=\"widget\" data-widget_type=\"image.default\">\n\t\t\t\t<div class=\"elementor-widget-container\">\n\t\t\t\t\t\t\t\t\t\t\t\t\t\t\t<img fetchpriority=\"high\" decoding=\"async\" width=\"300\" height=\"263\" src=\"https:\/\/bai-tech.io\/wp-content\/uploads\/2022\/09\/Tech-300x263.png\" class=\"attachment-medium size-medium wp-image-893\" alt=\"\" srcset=\"https:\/\/bai-tech.io\/wp-content\/uploads\/2022\/09\/Tech-300x263.png 300w, https:\/\/bai-tech.io\/wp-content\/uploads\/2022\/09\/Tech-14x12.png 14w, https:\/\/bai-tech.io\/wp-content\/uploads\/2022\/09\/Tech.png 735w\" sizes=\"100vw\" \/>\t\t\t\t\t\t\t\t\t\t\t\t\t\t\t<\/div>\n\t\t\t\t<\/div>\n\t\t\t\t\t<\/div>\n\t\t<\/div>\n\t\t\t\t<div class=\"elementor-column elementor-col-50 elementor-inner-column elementor-element elementor-element-93f727b\" data-id=\"93f727b\" data-element_type=\"column\" data-e-type=\"column\">\n\t\t\t<div class=\"elementor-widget-wrap elementor-element-populated\">\n\t\t\t\t\t\t<div class=\"elementor-element elementor-element-2786e94 elementor-widget elementor-widget-heading\" data-id=\"2786e94\" data-element_type=\"widget\" data-e-type=\"widget\" data-widget_type=\"heading.default\">\n\t\t\t\t<div class=\"elementor-widget-container\">\n\t\t\t\t\t<span class=\"elementor-heading-title elementor-size-default\">Chi Siamo<\/span>\t\t\t\t<\/div>\n\t\t\t\t<\/div>\n\t\t\t\t<div class=\"elementor-element elementor-element-8575483 elementor-widget elementor-widget-text-editor\" data-id=\"8575483\" data-element_type=\"widget\" data-e-type=\"widget\" data-widget_type=\"text-editor.default\">\n\t\t\t\t<div class=\"elementor-widget-container\">\n\t\t\t\t\t\t\t\t\t<p>B.A.I. Technologies SA \u00e8 un'azienda tecnologica svizzera che trasforma la tecnologia in opportunit\u00e0 di libert\u00e0, decentralizzazione e sviluppo armonioso.<\/p><p>Immaginiamo e contribuiamo a co-creare una societ\u00e0 futura fatta di reti globali decentralizzate di imprenditori e aziende indipendenti, potenziate dal nuovo alfabeto digitale: ABC - Intelligenza Artificiale, Blockchain, Criptovalute.<\/p><p>Perch\u00e9 piccolo \u00e8 bello e creativo.<\/p>\t\t\t\t\t\t\t\t<\/div>\n\t\t\t\t<\/div>\n\t\t\t\t\t<\/div>\n\t\t<\/div>\n\t\t\t\t\t<\/div>\n\t\t<\/section>\n\t\t\t\t\t<\/div>\n\t\t<\/div>\n\t\t\t\t\t<\/div>\n\t\t<\/section>\n\t\t\t\t<\/div>","protected":false},"excerpt":{"rendered":"<p>About us B.A.I. Technologies SA is a Swiss technology company that turns technology into opportunities for freedom, decentralization and harmonious development. We envision and help co-create a future society made up of decentralized global networks of entrepreneurs and independent companies, empowered by the new digital alphabet: ABC \u2013 Artificial Intelligence, Blockchain, Cryptocurrency. Because small is &hellip; <\/p>\n<p class=\"link-more\"><a href=\"https:\/\/bai-tech.io\/it\/about-us\/\" class=\"more-link\">Leggi tutto<span class=\"screen-reader-text\"> &#8220;About us&#8221;<\/span><\/a><\/p>","protected":false},"author":1,"featured_media":0,"parent":0,"menu_order":0,"comment_status":"closed","ping_status":"closed","template":"elementor_header_footer","meta":{"footnotes":""},"class_list":["post-9","page","type-page","status-publish","hentry"],"_links":{"self":[{"href":"https:\/\/bai-tech.io\/it\/wp-json\/wp\/v2\/pages\/9","targetHints":{"allow":["GET"]}}],"collection":[{"href":"https:\/\/bai-tech.io\/it\/wp-json\/wp\/v2\/pages"}],"about":[{"href":"https:\/\/bai-tech.io\/it\/wp-json\/wp\/v2\/types\/page"}],"author":[{"embeddable":true,"href":"https:\/\/bai-tech.io\/it\/wp-json\/wp\/v2\/users\/1"}],"replies":[{"embeddable":true,"href":"https:\/\/bai-tech.io\/it\/wp-json\/wp\/v2\/comments?post=9"}],"version-history":[{"count":151,"href":"https:\/\/bai-tech.io\/it\/wp-json\/wp\/v2\/pages\/9\/revisions"}],"predecessor-version":[{"id":1240,"href":"https:\/\/bai-tech.io\/it\/wp-json\/wp\/v2\/pages\/9\/revisions\/1240"}],"wp:attachment":[{"href":"https:\/\/bai-tech.io\/it\/wp-json\/wp\/v2\/media?parent=9"}],"curies":[{"name":"wp","href":"https:\/\/api.w.org\/{rel}","templated":true}]}}